{"id":450,"date":"2025-04-17T12:11:14","date_gmt":"2025-04-17T11:11:14","guid":{"rendered":"https:\/\/entradasmakeit.es\/?page_id=450"},"modified":"2025-04-17T12:16:29","modified_gmt":"2025-04-17T11:16:29","slug":"politica-de-privacidad","status":"publish","type":"page","link":"https:\/\/entradasmakeit.es\/?page_id=450","title":{"rendered":"Pol\u00edtica de privacidad"},"content":{"rendered":"\t\t<div data-elementor-type=\"wp-page\" data-elementor-id=\"450\" class=\"elementor elementor-450\">\n\t\t\t\t<div class=\"elementor-element elementor-element-4ef66e31 e-flex e-con-boxed e-con e-parent\" data-id=\"4ef66e31\" data-element_type=\"container\" data-e-type=\"container\">\n\t\t\t\t\t<div class=\"e-con-inner\">\n\t\t\t\t<div class=\"elementor-element elementor-element-6d564d94 elementor-widget elementor-widget-text-editor\" data-id=\"6d564d94\" data-element_type=\"widget\" data-e-type=\"widget\" data-widget_type=\"text-editor.default\">\n\t\t\t\t<div class=\"elementor-widget-container\">\n\t\t\t\t\t\t\t\t\t\n<p>En <strong>MAKE IT LAB AIE<\/strong>, respetamos su informaci\u00f3n personal y, de acuerdo con las leyes de protecci\u00f3n de datos aplicables, incluido el Reglamento General de Protecci\u00f3n de Datos de la UE (GDPR), estamos comprometidos a proteger su privacidad. Esta Pol\u00edtica de Privacidad explica c\u00f3mo manejamos la informaci\u00f3n personal que recopilamos cuando usted utiliza nuestro sitio web www.makeitlab.es<\/p>\n\n<ol class=\"wp-block-list\">\n<li><strong>Responsable del tratamiento de dato<\/strong><\/li>\n<\/ol>\n\n<p>El responsable del tratamiento de sus datos personales es MAKE IT LAB AIE, entidad con\u00a0<strong>N\u00famero de Identificaci\u00f3n Fiscal (NIF)\u00a0<\/strong>V56617517 e inscrita en el Registro Mercantil de Castell\u00f3n en el tomo 1803, libro, secci\u00f3n, folio 95, hoja CS-42658, inscripci\u00f3n 1a. El\u00a0<strong>domicilio social<\/strong>\u00a0de la entidad se encuentra en c\/Italia, 191, 2, 12006 Castell\u00f3 de la Plana, Castell\u00f3.<\/p>\n\n<p>Si tienes alguna pregunta o inquietud sobre c\u00f3mo manejamos tu informaci\u00f3n personal, puedes comunicarte son nosotros a trav\u00e9s del correo electr\u00f3nico hola@admin<\/p>\n\n<p><strong>2.<\/strong> <strong>Finalidades del tratamiento de datos<\/strong><\/p>\n\n<p>Esta plataforma online tiene como funciones principales la publicidad y venta de entradas al MAKE IT LAB AIE, as\u00ed como el acceso a la informaci\u00f3n relacionada con el mismo sobre actividades y productos del mismo.<\/p>\n\n<p>La finalidad principal del tratamiento de datos es la prestaci\u00f3n del servicio, para lo cual necesitamos:<\/p>\n\n<ol class=\"wp-block-list\">\n<li>Gestionar y procesar las ventas de entradas y posibles complementos.<\/li>\n\n<li>Ofrecer informaci\u00f3n actualizada sobre las actividades del festival y productos disponibles en el mismo.<\/li>\n\n<li>Realizar an\u00e1lisis y estad\u00edsticas de uso de la p\u00e1gina web para mejorar la experiencia del usuario.<\/li>\n<\/ol>\n\n<p>Tambi\u00e9n usamos tus datos con fines promocionales, en caso de que as\u00ed lo aceptes en el momento en el que los recogemos, para enviarte comunicaciones electr\u00f3nicas con informaci\u00f3n sobre otros conciertos o eventos similares.<\/p>\n\n<p><strong>3.<\/strong> <strong>Legitimaci\u00f3n para el tratamiento de datos<\/strong><\/p>\n\n<p>La base legal para el tratamiento de sus datos personales es la necesidad de utilizar sus datos para prestar nuestros servicios, de acuerdo con los t\u00e9rminos y condiciones establecidos en nuestra plataforma y en tu contrato de compra de entradas. Al proporcionarnos tus datos personales, aceptas que los utilicemos para gestionar su compra y proporcionarle toda la informaci\u00f3n relacionada con el evento al que ha comprado entradas. Sin estos datos, no podr\u00edamos prestarle nuestros servicios de venta de entradas y complementos o gestionar la informaci\u00f3n relacionada con ellos.<\/p>\n\n<p>En relaci\u00f3n al env\u00edo de comunicaciones electr\u00f3nicas, las enviamos en base a tu consentimiento para mantenerte informado sobre nuestra novedades y pr\u00f3ximos eventos. En cada comunicaci\u00f3n que recibas, te daremos la posibilidad de oponerte al tratamiento con finalidades promocionales.<\/p>\n\n<p><strong>4. Datos recogidos y duraci\u00f3n del tratamiento<\/strong><\/p>\n\n<p>Recogemos y almacenamos tu informaci\u00f3n cuando:<\/p>\n\n<ul class=\"wp-block-list\">\n<li>Creas una cuenta.<\/li>\n\n<li>Compras entradas u otra persona las compra para ti.<\/li>\n\n<li>Contactas con nosotros.<\/li>\n<\/ul>\n\n<p>Solo tratamos datos identificativos, en ning\u00fan caso se tratan categor\u00edas de datos especiales en el sentido del art\u00edculo 9 del RGPD.<\/p>\n\n<p>Espec\u00edficamente, la informaci\u00f3n que recogemos es: nombre, apellidos, e-mail, n\u00famero de tel\u00e9fono, DNI, direcci\u00f3n, g\u00e9nero y fecha de nacimiento.<\/p>\n\n<p>En las ocasiones en las que recogemos informaci\u00f3n personal de menores de edad, siempre solicitamos el consentimiento paterno y, en todo caso, recogeremos esa informaci\u00f3n exclusivamente a los efectos especificados en el momento de su recogida.<\/p>\n\n<p>Por regla general, todos tus datos ser\u00e1n autom\u00e1ticamente cancelados de todas las finalidades a las que acept\u00f3 el tratamiento, cinco a\u00f1os despu\u00e9s desde su \u00faltimo uso.<\/p>\n\n<p><strong>5.<\/strong> <strong>Datos de menores<\/strong><\/p>\n\n<p>Respetando lo establecido en la legislaci\u00f3n vigente, solo los mayores de 14 a\u00f1os podr\u00e1n otorgar su consentimiento para el tratamiento de sus datos personales de forma l\u00edcita. Si se trata de un menor de 14 a\u00f1os, ser\u00e1 necesario el consentimiento de los padres o tutores para el tratamiento, consider\u00e1ndose l\u00edcito solo en la medida en la que los mismos lo hayan autorizado<\/p>\n\n<p><strong>6.<\/strong> <strong>Destinatarios de datos personales<\/strong><\/p>\n\n<p>Una vez que accedes a nuestra p\u00e1gina web y\/o App, efect\u00faas un registro y\/o efect\u00faas una compra de entradas, aceptas que SUMMER OF MUSIC FESTIVAL CASTELL\u00d3, AIE transmita tus datos:<\/p>\n\n<ul class=\"wp-block-list\">\n<li>De forma interna.<\/li>\n\n<li>Con el organizador del concierto\/evento\/actividad y con empresas proveedoras de servicios que requieran dicha informaci\u00f3n para la prestaci\u00f3n de sus servicios, tales como empresas de control de accesos, seguridad, encargados de acomodaci\u00f3n del recinto, el equipo del artista (para el control de Meet&amp;Greet) y otros terceros asociados con el servicio prestado.<\/li>\n\n<li>Podemos compartir su informaci\u00f3n personal con proveedores de servicios que nos ayudan a prestar nuestros servicios y mejorar nuestra p\u00e1gina web. Estos proveedores pueden tener acceso a su informaci\u00f3n personal para llevar a cabo servicios en nuestro nombre, como el procesamiento de pagos, el env\u00edo de comunicaciones comerciales o la realizaci\u00f3n de an\u00e1lisis de datos. Nuestros proveedores de servicios est\u00e1n obligados a cumplir con las leyes y regulaciones aplicables en materia de protecci\u00f3n de datos, y solo utilizan su informaci\u00f3n personal de acuerdo con nuestras instrucciones y para los fines espec\u00edficos para los que fueron contratados. Algunos de nuestros proveedores de servicios pueden estar ubicados fuera del Espacio Econ\u00f3mico Europeo (EEE), por lo que es posible que se produzca una transferencia internacional de datos. En estos casos, nos aseguramos de que se implementen las medidas de seguridad adecuadas para proteger sus datos personales y de que se cumpla con las leyes y regulaciones aplicables en materia de protecci\u00f3n de datos.<\/li>\n\n<li>Con agencias de la Administraci\u00f3n u otros \u00f3rganos autorizados, cuando sea legalmente requerido..<\/li>\n\n<li>Con cualquier sucesor de todo o de parte de nuestro negocio.<\/li>\n<\/ul>\n\n<p><strong>7.<\/strong> <strong>Seguridad\u00a0<\/strong><\/p>\n\n<p>Nos comprometemos a adoptar las medidas t\u00e9cnicas y organizativas necesarias, seg\u00fan el nivel de seguridad adecuado al riesgo de los datos recogidos, de forma que se garantice la seguridad de los datos personales y se evite la destrucci\u00f3n, p\u00e9rdida o alteraci\u00f3n accidental o il\u00edcita de datos personales transmitidos, conservados o tratados de otra forma o la comunicaci\u00f3n o acceso no autorizados a dichos datos.<\/p>\n\n<p>Nos comprometemos a comunicar al usuario sin dilaci\u00f3n indebida cualquier violaci\u00f3n de la seguridad de los datos que pueda entra\u00f1ar un alto riesgo para los derechos y libertades de las personas f\u00edsicas.\u00a0<\/p>\n\n<p>En todo caso, los datos ser\u00e1n tratados por el Responsable del tratamiento, quien se compromete a garantizar que dicha confidencialidad sea respetada por sus empleados, asociados y toda persona a la cual le haga accesible la informaci\u00f3n.<\/p>\n\n<p><strong>8.<\/strong> <strong>Derechos\u00a0<\/strong><\/p>\n\n<p>Tienes derecho a:<\/p>\n\n<ul class=\"wp-block-list\">\n<li>Acceder a la informaci\u00f3n que tengamos sobre ti.<\/li>\n\n<li>Optar por recibir nuestras comunicaciones de marketing.<\/li>\n\n<li>Acceder a tus datos de car\u00e1cter personal.<\/li>\n\n<li>Solicitar su rectificaci\u00f3n.<\/li>\n\n<li>Solicitar su supresi\u00f3n.<\/li>\n\n<li>Oponerte a su tratamiento.<\/li>\n\n<li>Solicitar la limitaci\u00f3n de su tratamiento.<\/li>\n\n<li>La portabilidad de datos personales.<\/li>\n<\/ul>\n\n<p>Si tienes alguna pregunta o inquietud o quieres ejercer alguno de tus derechos puedes comunicarte son nosotros a trav\u00e9s del correo electr\u00f3nico hola@makeitlab.es<\/p>\n\n<p><strong>9.<\/strong> <strong>Contacta con nosotros<\/strong><\/p>\n\n<p>Podr\u00e1s ejercer tus derechos dirigi\u00e9ndote directa y gratuitamente escribi\u00e9ndonos a hola@makeitlab.es . Tu solicitud deber\u00e1 incluir fecha, nombre y apellidos, petici\u00f3n en que se concreta la solicitud, direcci\u00f3n a efectos de notificaciones. Con el fin de disipar cualquier duda razonable sobre tu identidad te solicitaremos que nos aportes copia de tu Documento de Identificaci\u00f3n para confirmar tu identidad.\u00a0<\/p>\n\n<p>En caso de entender que no hemos resuelto correctamente tu solicitud, podr\u00e1s dirigirte a solicitar la tutela de la autoridad de control es la Agencia Espa\u00f1ola de Protecci\u00f3n de Datos (AEPD). Puedes contactar con la AEPD a trav\u00e9s de su p\u00e1gina web (www.aepd.es) o por otros medios que la propia agencia habilite.<\/p>\n\n<p>\u00a0<\/p>\n\n<p>\u00a0<\/p>\n\t\t\t\t\t\t\t\t<\/div>\n\t\t\t\t<\/div>\n\t\t\t\t\t<\/div>\n\t\t\t\t<\/div>\n\t\t\t\t<\/div>\n\t\t","protected":false},"excerpt":{"rendered":"<p>En MAKE IT LAB AIE, respetamos su informaci\u00f3n personal y, de acuerdo con las leyes de protecci\u00f3n de datos aplicables, incluido el Reglamento General de Protecci\u00f3n de Datos de la UE (GDPR), estamos comprometidos a proteger su privacidad. Esta Pol\u00edtica de Privacidad explica c\u00f3mo manejamos la informaci\u00f3n personal que recopilamos cuando usted utiliza nuestro sitio [&hellip;]<\/p>\n","protected":false},"author":1,"featured_media":0,"parent":0,"menu_order":0,"comment_status":"closed","ping_status":"closed","template":"","meta":{"inline_featured_image":false,"_joinchat":[],"footnotes":""},"class_list":["post-450","page","type-page","status-publish","hentry"],"_links":{"self":[{"href":"https:\/\/entradasmakeit.es\/index.php?rest_route=\/wp\/v2\/pages\/450","targetHints":{"allow":["GET"]}}],"collection":[{"href":"https:\/\/entradasmakeit.es\/index.php?rest_route=\/wp\/v2\/pages"}],"about":[{"href":"https:\/\/entradasmakeit.es\/index.php?rest_route=\/wp\/v2\/types\/page"}],"author":[{"embeddable":true,"href":"https:\/\/entradasmakeit.es\/index.php?rest_route=\/wp\/v2\/users\/1"}],"replies":[{"embeddable":true,"href":"https:\/\/entradasmakeit.es\/index.php?rest_route=%2Fwp%2Fv2%2Fcomments&post=450"}],"version-history":[{"count":8,"href":"https:\/\/entradasmakeit.es\/index.php?rest_route=\/wp\/v2\/pages\/450\/revisions"}],"predecessor-version":[{"id":460,"href":"https:\/\/entradasmakeit.es\/index.php?rest_route=\/wp\/v2\/pages\/450\/revisions\/460"}],"wp:attachment":[{"href":"https:\/\/entradasmakeit.es\/index.php?rest_route=%2Fwp%2Fv2%2Fmedia&parent=450"}],"curies":[{"name":"wp","href":"https:\/\/api.w.org\/{rel}","templated":true}]}}